{"id":994,"date":"2025-08-06T11:03:25","date_gmt":"2025-08-06T11:03:25","guid":{"rendered":"https:\/\/wilfried-staake.de\/?page_id=994"},"modified":"2025-12-03T19:58:18","modified_gmt":"2025-12-03T19:58:18","slug":"the-light-ensemble","status":"publish","type":"page","link":"https:\/\/wilfried-staake.de\/?page_id=994","title":{"rendered":"THE LIGHT ENSEMBLE"},"content":{"rendered":"\n<figure class=\"wp-block-image size-large\"><a href=\"https:\/\/wilfried-staake.de\/wp-content\/uploads\/2025\/12\/The-Light-Ensemble-3-web-Foto-Gerd-Kaja.jpg\"><img loading=\"lazy\" decoding=\"async\" width=\"1024\" height=\"696\" src=\"https:\/\/wilfried-staake.de\/wp-content\/uploads\/2025\/12\/The-Light-Ensemble-3-web-Foto-Gerd-Kaja-1024x696.jpg\" alt=\"\" class=\"wp-image-1014\" srcset=\"https:\/\/wilfried-staake.de\/wp-content\/uploads\/2025\/12\/The-Light-Ensemble-3-web-Foto-Gerd-Kaja-1024x696.jpg 1024w, https:\/\/wilfried-staake.de\/wp-content\/uploads\/2025\/12\/The-Light-Ensemble-3-web-Foto-Gerd-Kaja-300x204.jpg 300w, https:\/\/wilfried-staake.de\/wp-content\/uploads\/2025\/12\/The-Light-Ensemble-3-web-Foto-Gerd-Kaja-768x522.jpg 768w, https:\/\/wilfried-staake.de\/wp-content\/uploads\/2025\/12\/The-Light-Ensemble-3-web-Foto-Gerd-Kaja.jpg 1188w\" sizes=\"auto, (max-width: 767px) 89vw, (max-width: 1000px) 54vw, (max-width: 1071px) 543px, 580px\" \/><\/a><\/figure>\n\n\n\n<p>Gemeinsam mit Kerstin Waldmann bilde ich das Singer\/Songwriter-Duo <br><strong>THE LIGHT ENSEMBLE<\/strong>. Gegr\u00fcndet haben wir uns im Juli 2025 und pr\u00e4sentieren<br>Folk, Country, Americana und auch Plattdeutsches. Titel von John Denver, Johnny Cash, Ilse de Lange, Allison Krauss sowie auch viele Traditionals stehen auf dem Programm.<br><br>Zwei Gitarren, ein Banjo, eine Mandoline und mehrstimmiger Gesang &#8211; mehr braucht es nicht f\u00fcr einen ber\u00fchrenden Abend mit Songs \u00fcber Liebe, Hoffnung und Frieden.<\/p>\n\n\n\n<p><strong>Premiere war am Samstag, 27. September um 17 Uhr in der St. Michaels-Kirche <\/strong><br><strong>in 21435 Stelle. <\/strong><\/p>\n\n\n\n<figure class=\"wp-block-image size-large\"><a href=\"https:\/\/wilfried-staake.de\/wp-content\/uploads\/2025\/12\/IMG_8019-frame-at-0m47s.jpg\"><img loading=\"lazy\" decoding=\"async\" width=\"1024\" height=\"576\" src=\"https:\/\/wilfried-staake.de\/wp-content\/uploads\/2025\/12\/IMG_8019-frame-at-0m47s-1024x576.jpg\" alt=\"\" class=\"wp-image-1017\" srcset=\"https:\/\/wilfried-staake.de\/wp-content\/uploads\/2025\/12\/IMG_8019-frame-at-0m47s-1024x576.jpg 1024w, https:\/\/wilfried-staake.de\/wp-content\/uploads\/2025\/12\/IMG_8019-frame-at-0m47s-300x169.jpg 300w, https:\/\/wilfried-staake.de\/wp-content\/uploads\/2025\/12\/IMG_8019-frame-at-0m47s-768x432.jpg 768w, https:\/\/wilfried-staake.de\/wp-content\/uploads\/2025\/12\/IMG_8019-frame-at-0m47s-1536x864.jpg 1536w, https:\/\/wilfried-staake.de\/wp-content\/uploads\/2025\/12\/IMG_8019-frame-at-0m47s.jpg 1920w\" sizes=\"auto, (max-width: 767px) 89vw, (max-width: 1000px) 54vw, (max-width: 1071px) 543px, 580px\" \/><\/a><\/figure>\n\n\n\n<p>Demn\u00e4chst mehr unter: <a href=\"http:\/\/www.the-light-ensemble.de\">www.the-light-ensemble.de<\/a><\/p>\n\n\n\n<p><\/p>\n\n\n\n<p><\/p>\n","protected":false},"excerpt":{"rendered":"<p>Gemeinsam mit Kerstin Waldmann bilde ich das Singer\/Songwriter-Duo THE LIGHT ENSEMBLE. Gegr\u00fcndet haben wir uns im Juli 2025 und pr\u00e4sentierenFolk, Country, Americana und auch Plattdeutsches. Titel von John Denver, Johnny Cash, Ilse de Lange, Allison Krauss sowie auch viele Traditionals stehen auf dem Programm. Zwei Gitarren, ein Banjo, eine Mandoline und mehrstimmiger Gesang &#8211; mehr &hellip; <\/p>\n<p class=\"link-more\"><a href=\"https:\/\/wilfried-staake.de\/?page_id=994\" class=\"more-link\"><span class=\"screen-reader-text\">\u201eTHE LIGHT ENSEMBLE\u201c<\/span> weiterlesen<\/a><\/p>\n","protected":false},"author":2,"featured_media":0,"parent":0,"menu_order":3,"comment_status":"closed","ping_status":"closed","template":"","meta":{"footnotes":""},"class_list":["post-994","page","type-page","status-publish","hentry"],"_links":{"self":[{"href":"https:\/\/wilfried-staake.de\/index.php?rest_route=\/wp\/v2\/pages\/994","targetHints":{"allow":["GET"]}}],"collection":[{"href":"https:\/\/wilfried-staake.de\/index.php?rest_route=\/wp\/v2\/pages"}],"about":[{"href":"https:\/\/wilfried-staake.de\/index.php?rest_route=\/wp\/v2\/types\/page"}],"author":[{"embeddable":true,"href":"https:\/\/wilfried-staake.de\/index.php?rest_route=\/wp\/v2\/users\/2"}],"replies":[{"embeddable":true,"href":"https:\/\/wilfried-staake.de\/index.php?rest_route=%2Fwp%2Fv2%2Fcomments&post=994"}],"version-history":[{"count":5,"href":"https:\/\/wilfried-staake.de\/index.php?rest_route=\/wp\/v2\/pages\/994\/revisions"}],"predecessor-version":[{"id":1018,"href":"https:\/\/wilfried-staake.de\/index.php?rest_route=\/wp\/v2\/pages\/994\/revisions\/1018"}],"wp:attachment":[{"href":"https:\/\/wilfried-staake.de\/index.php?rest_route=%2Fwp%2Fv2%2Fmedia&parent=994"}],"curies":[{"name":"wp","href":"https:\/\/api.w.org\/{rel}","templated":true}]}}