{"id":50,"date":"2018-08-09T20:08:03","date_gmt":"2018-08-09T20:08:03","guid":{"rendered":"http:\/\/wilfried-staake.de\/?page_id=50"},"modified":"2020-01-04T21:53:17","modified_gmt":"2020-01-04T21:53:17","slug":"kontakt","status":"publish","type":"page","link":"https:\/\/wilfried-staake.de\/?page_id=50","title":{"rendered":"Kontakt"},"content":{"rendered":"<p><strong>Haben Sie Konzertanfragen, CD-Bestellungen oder Beratungs-W\u00fcnsche?<\/strong><br \/>\nSprechen Sie mich einfach an!<\/p>\n<p>Wilfried Staake,<br \/>\nHoopter Elbdeich 60,<br \/>\n21423 Winsen(Luhe)<br \/>\nTel. 04171 &#8211; 64712<br \/>\n<strong>E-Mail:<\/strong> <a href=\"javascript:secureDecryptAndNavigate('M92X+2F3SnEmZlpfB5UqoQmbOQODWI1ExFjTUjX\/+nhxFExzxvBPp7BvBSy5pCLCyoYnAEMZ63EqIE20nu8LbKTXZodV71dNdg==', 'b0b9e2fc546ebba75750ab54ff735ee4bcd5a938eb40531b653452bc40827ea1')\">wstaake [at] freenet [dot] de<\/a><\/p>\n<p><a href=\"https:\/\/wilfried-staake.de\/wp-content\/uploads\/2010\/08\/Cover-Elv.gif\"><img loading=\"lazy\" decoding=\"async\" class=\"alignleft size-full wp-image-55\" title=\"CD Elvmusik\" src=\"https:\/\/wilfried-staake.de\/wp-content\/uploads\/2010\/08\/Cover-Elv.gif\" alt=\"\" width=\"166\" height=\"173\" \/><\/a><strong>CD Elvmusik:<\/strong><br \/>\nMeine CD &#8222;Elvmusik&#8220; ist eine bunte Mischung eigener Plattdeutscher Lieder, die mit Hamburger Studiomusikern aufgenommen wurden. Sie ist im September 2000 erschienen. <strong>Musiker:<\/strong> Nils Tuxen: Gitarren, Bass, Pedal-Steel-Gitarre, Larry Bartels: Bass, Robert Sch\u00f6n: Schlagzeug, Albert Vila: Cello sowie Brigitte Kerkmann und Heidi Gehlert: Gesang.<\/p>\n<p>Die CD k\u00f6nnen Sie direkt bei mir bestellen: Senden Sie mir bitte einen Verrechnungsscheckin H\u00f6he von EURO 15,00 pro CD und Ihre genaue Anschrift. Dann erhalten Sie die CD innerhalb weniger Tage per Post.<\/p>\n<p><a href=\"https:\/\/wilfried-staake.de\/wp-content\/uploads\/2010\/08\/spruchdestages.gif\"><img loading=\"lazy\" decoding=\"async\" class=\"alignleft size-medium wp-image-56\" title=\"Spruch des Tages\" src=\"https:\/\/wilfried-staake.de\/wp-content\/uploads\/2010\/08\/spruchdestages-300x225.gif\" alt=\"\" width=\"226\" height=\"169\" srcset=\"https:\/\/wilfried-staake.de\/wp-content\/uploads\/2010\/08\/spruchdestages-300x225.gif 300w, https:\/\/wilfried-staake.de\/wp-content\/uploads\/2010\/08\/spruchdestages.gif 484w\" sizes=\"auto, (max-width: 226px) 100vw, 226px\" \/><\/a>NEU:<strong> CD-ROM Der Spruch des Tages<\/strong> f\u00fcr PC.<br \/>\nEin kleines feines Programm, das Ihnen t\u00e4glich per Autostart ein neues Zitat auf den Desktop zaubert. Das wirklich Wahre und Wichtige aus \u00fcber 2000 Jahren steht dann nicht nur bei Ihnen im Schrank, sondern wird t\u00e4glich beim PC-Start automatisch aufgerufen und damit wieder lebendig f\u00fcr Sie.<br \/>\nSie k\u00f6nnen:<br \/>\n&#8211; den aktuellen Spruch in andere Anwendungen kopieren oder ausdrucken,<br \/>\n&#8211; das Erscheinungsbild des Programms in Farbe und Schriftart ver\u00e4ndern,<br \/>\n&#8211; vor- und zur\u00fcckbl\u00e4ttern, um einen anderen Spruch auszuw\u00e4hlen.<br \/>\nAutomatische Installation, und jederzeit wieder komplett l\u00f6schbar. F\u00fcr WIN 9x\/ME\/XP\/2000<br \/>\n<strong>Und: wer hat schon ein ovales Windows-Programm ???<\/strong><br \/>\nKosten 15,00 Euro incl. Versand<\/p>\n","protected":false},"excerpt":{"rendered":"<p>Haben Sie Konzertanfragen, CD-Bestellungen oder Beratungs-W\u00fcnsche? Sprechen Sie mich einfach an! Wilfried Staake, Hoopter Elbdeich 60, 21423 Winsen(Luhe) Tel. 04171 &#8211; 64712 E-Mail: wstaake [at] freenet [dot] de CD Elvmusik: Meine CD &#8222;Elvmusik&#8220; ist eine bunte Mischung eigener Plattdeutscher Lieder, die mit Hamburger Studiomusikern aufgenommen wurden. Sie ist im September 2000 erschienen. Musiker: Nils Tuxen: &hellip; <\/p>\n<p class=\"link-more\"><a href=\"https:\/\/wilfried-staake.de\/?page_id=50\" class=\"more-link\"><span class=\"screen-reader-text\">\u201eKontakt\u201c<\/span> weiterlesen<\/a><\/p>\n","protected":false},"author":2,"featured_media":0,"parent":0,"menu_order":30,"comment_status":"closed","ping_status":"closed","template":"","meta":{"footnotes":""},"class_list":["post-50","page","type-page","status-publish","hentry"],"_links":{"self":[{"href":"https:\/\/wilfried-staake.de\/index.php?rest_route=\/wp\/v2\/pages\/50","targetHints":{"allow":["GET"]}}],"collection":[{"href":"https:\/\/wilfried-staake.de\/index.php?rest_route=\/wp\/v2\/pages"}],"about":[{"href":"https:\/\/wilfried-staake.de\/index.php?rest_route=\/wp\/v2\/types\/page"}],"author":[{"embeddable":true,"href":"https:\/\/wilfried-staake.de\/index.php?rest_route=\/wp\/v2\/users\/2"}],"replies":[{"embeddable":true,"href":"https:\/\/wilfried-staake.de\/index.php?rest_route=%2Fwp%2Fv2%2Fcomments&post=50"}],"version-history":[{"count":9,"href":"https:\/\/wilfried-staake.de\/index.php?rest_route=\/wp\/v2\/pages\/50\/revisions"}],"predecessor-version":[{"id":682,"href":"https:\/\/wilfried-staake.de\/index.php?rest_route=\/wp\/v2\/pages\/50\/revisions\/682"}],"wp:attachment":[{"href":"https:\/\/wilfried-staake.de\/index.php?rest_route=%2Fwp%2Fv2%2Fmedia&parent=50"}],"curies":[{"name":"wp","href":"https:\/\/api.w.org\/{rel}","templated":true}]}}