{"id":20,"date":"2018-07-26T20:16:41","date_gmt":"2018-07-26T20:16:41","guid":{"rendered":"http:\/\/wilfried-staake.de\/?page_id=20"},"modified":"2020-01-15T17:28:10","modified_gmt":"2020-01-15T17:28:10","slug":"oldies","status":"publish","type":"page","link":"https:\/\/wilfried-staake.de\/?page_id=20","title":{"rendered":"Oldies"},"content":{"rendered":"<p><a href=\"https:\/\/wilfried-staake.de\/wp-content\/uploads\/2018\/08\/8617.1-e1535227511769.jpg\"><img loading=\"lazy\" decoding=\"async\" class=\"alignleft wp-image-618\" src=\"https:\/\/wilfried-staake.de\/wp-content\/uploads\/2018\/08\/8617.1-e1535227511769.jpg\" alt=\"\" width=\"291\" height=\"437\" \/><\/a>F\u00fcr Firmenfeste, Familienfeiern etc. biete ich Ihnen Unterhaltungsmusik zur Akustikgitarre und den sch\u00f6nsten Folksongs und Oldies der 50er, 60er und 70er Jahre an. Dies stellt oftmals eine gute Alternative zu Alleinunterhaltern mit Keyboards dar.<\/p>\n<p>Sie bekommen in sehr moderater Lautst\u00e4rke wundersch\u00f6ne Lieder komplett live dargeboten.<\/p>\n<p>Wenn es Sie nicht mehr auf den St\u00fchlen h\u00e4lt, d\u00fcrfen Sie auch gern das Tanzbein schwingen &#8230;.<\/p>\n<p><strong>Meine Band Broken Wheel wird nicht mehr auftreten.<br \/>\n<\/strong><strong>Hier gibt es sch\u00f6ne Bilder als Erinnerung: <a href=\"http:\/\/www.broken-wheel.de\" target=\"_blank\" rel=\"noopener noreferrer\">www.broken-wheel.de<\/a><\/strong><\/p>\n<p>Melden Sie sich bei Interesse unter Tel. 04171-64712<br \/>\noder per Mail unter <a href=\"http:\/\/mailto:info [at] elvmusik [dot] de\">info [at] elvmusik [dot] de<\/a><\/p>\n","protected":false},"excerpt":{"rendered":"<p>F\u00fcr Firmenfeste, Familienfeiern etc. biete ich Ihnen Unterhaltungsmusik zur Akustikgitarre und den sch\u00f6nsten Folksongs und Oldies der 50er, 60er und 70er Jahre an. Dies stellt oftmals eine gute Alternative zu Alleinunterhaltern mit Keyboards dar. Sie bekommen in sehr moderater Lautst\u00e4rke wundersch\u00f6ne Lieder komplett live dargeboten. Wenn es Sie nicht mehr auf den St\u00fchlen h\u00e4lt, d\u00fcrfen &hellip; <\/p>\n<p class=\"link-more\"><a href=\"https:\/\/wilfried-staake.de\/?page_id=20\" class=\"more-link\"><span class=\"screen-reader-text\">\u201eOldies\u201c<\/span> weiterlesen<\/a><\/p>\n","protected":false},"author":2,"featured_media":0,"parent":0,"menu_order":10,"comment_status":"closed","ping_status":"closed","template":"","meta":{"footnotes":""},"class_list":["post-20","page","type-page","status-publish","hentry"],"_links":{"self":[{"href":"https:\/\/wilfried-staake.de\/index.php?rest_route=\/wp\/v2\/pages\/20","targetHints":{"allow":["GET"]}}],"collection":[{"href":"https:\/\/wilfried-staake.de\/index.php?rest_route=\/wp\/v2\/pages"}],"about":[{"href":"https:\/\/wilfried-staake.de\/index.php?rest_route=\/wp\/v2\/types\/page"}],"author":[{"embeddable":true,"href":"https:\/\/wilfried-staake.de\/index.php?rest_route=\/wp\/v2\/users\/2"}],"replies":[{"embeddable":true,"href":"https:\/\/wilfried-staake.de\/index.php?rest_route=%2Fwp%2Fv2%2Fcomments&post=20"}],"version-history":[{"count":17,"href":"https:\/\/wilfried-staake.de\/index.php?rest_route=\/wp\/v2\/pages\/20\/revisions"}],"predecessor-version":[{"id":687,"href":"https:\/\/wilfried-staake.de\/index.php?rest_route=\/wp\/v2\/pages\/20\/revisions\/687"}],"wp:attachment":[{"href":"https:\/\/wilfried-staake.de\/index.php?rest_route=%2Fwp%2Fv2%2Fmedia&parent=20"}],"curies":[{"name":"wp","href":"https:\/\/api.w.org\/{rel}","templated":true}]}}